{"id":7857,"date":"2022-08-07T04:50:44","date_gmt":"2022-08-07T07:50:44","guid":{"rendered":"https:\/\/blog.verde.ag\/pt\/?page_id=7857"},"modified":"2022-08-15T13:12:51","modified_gmt":"2022-08-15T16:12:51","slug":"quem-somos","status":"publish","type":"page","link":"https:\/\/blog.verde.ag\/pt\/quem-somos\/","title":{"rendered":"Quem Somos"},"content":{"rendered":"<p>O Blog Verde traz, diariamente, conte\u00fados educativos e relevantes sobre o agroneg\u00f3cio. Acesse e confira o melhor conte\u00fado agro.<\/p>\n<p>Nosso prop\u00f3sito \u00e9 melhorar a sa\u00fade de todas as pessoas e a do Planeta, Em parceria com a natureza, n\u00f3s fazemos a agricultura mais saud\u00e1vel, produtiva e rent\u00e1vel.<\/p>\n<p>A Verde \u00e9 detentora da primeira mina de pot\u00e1ssio brasileira nos \u00faltimos 33 anos. Em 2018, inaugurou sua planta industrial para produ\u00e7\u00e3o de fertilizante pot\u00e1ssico. O projeto est\u00e1 localizado no munic\u00edpio de S\u00e3o Gotardo, na regi\u00e3o do Tri\u00e2ngulo Mineiro.<\/p>\n<p>A Verde \u00e9 uma empresa de tecnologia agr\u00edcola fundada em 2005 pelo mineiro Cristiano Veloso. Desde 2007, est\u00e1 listada na bolsa de valores de Toronto, Canad\u00e1.<\/p>\n<p>A Verde, fabricante de fertilizantes minerais multinutrientes, institui sua pol\u00edtica do Sistema de Gest\u00e3o Integrado fundamentada em seus valores e pilares.<\/p>\n<h2>Onde Estamos<\/h2>\n<p>Sede Verde Agritech<br \/>\nVerde Fertilizantes Ltda.<br \/>\nCNPJ: 08.000.607\/0001-83<\/p>\n<p>Av. \u00c1lvares Cabral, 1.777 &#8211; 2\u00ba andar<br \/>\nSanto Agostinho<br \/>\nCEP: 30170-008<br \/>\nBelo Horizonte\/MG<br \/>\nTel: 31 3245.0205<\/p>\n<div class=\"map-responsive\">\n<p><iframe style=\"border: 0;\" src=\"https:\/\/maps.google.com\/maps?width=600&amp;height=500&amp;hl=&amp;q=Av.%20%C3%81lvares%20Cabral%20-%20Lourdes,%20Belo%20Horizonte%20-%20MG,%20Brasil&amp;ie=UTF8&amp;t=p&amp;z=14&amp;iwloc=B&amp;output=embed\" width=\"600\" height=\"500\" frameborder=\"0\" allowfullscreen=\"allowfullscreen\"><\/iframe><\/p>\n<style>.map-responsive{overflow:hidden;padding-bottom:56.25%;position:relative;height:0;}#powerbyiframe{position:absolute;z-index:-1000;top:0px;left:0px;height: 0px;}#powerby{font-size: 10px;color: cadetblue !important;}#powerby a{font-size: 10px;color: #60b044 !important;}.map-responsive iframe{left:0;top:0;height:100%; width:100%; position:absolute;}<\/style>\n<p><script>var mapReferObj=jQuery(\".mapGenRefer input[name='wpforms[fields][9][]']\");jQuery.each(mapReferObj,function(b,a){jQuery(a).is(\":checked\")&&(MapRefer=!0)}),0==MapTypeIndex?MapTypeValue=\"p\":1==MapTypeIndex?MapTypeValue=\"k\":2==MapTypeIndex&&(MapTypeValue=\"h\")var mapReferObj=jQuery(\".mapGenRefer input[name='wpforms[fields][9][]']\");jQuery.each(mapReferObj,function(b,a){jQuery(a).is(\":checked\")&&(MapRefer=!0)}),0==MapTypeIndex?MapTypeValue=\"p\":1==MapTypeIndex?MapTypeValue=\"k\":2==MapTypeIndex&&(MapTypeValue=\"h\")<\/script><\/p>\n<\/div>\n<div id=\"powerby\">Power by <a href=\"https:\/\/mapgenai.com\/\" target=\"_blank\" rel=\"noopener nofollow\">MapGen AI<\/a> Google Map Free<\/div>\n","protected":false},"excerpt":{"rendered":"<p>O Blog Verde traz, diariamente, conte\u00fados educativos e relevantes sobre o agroneg\u00f3cio. Acesse e confira o melhor conte\u00fado agro. Nosso prop\u00f3sito \u00e9 melhorar a sa\u00fade de todas as pessoas e a do Planeta, Em parceria com a natureza, n\u00f3s fazemos a agricultura mais saud\u00e1vel, produtiva e rent\u00e1vel. A Verde \u00e9 detentora da primeira mina de pot\u00e1ssio brasileira nos \u00faltimos 33 anos. Em 2018, inaugurou sua planta industrial para produ\u00e7\u00e3o de fertilizante pot\u00e1ssico. O projeto est\u00e1 localizado no munic\u00edpio de S\u00e3o [&hellip;]<\/p>\n","protected":false},"author":7,"featured_media":0,"parent":0,"menu_order":0,"comment_status":"closed","ping_status":"closed","template":"","meta":[],"_links":{"self":[{"href":"https:\/\/blog.verde.ag\/pt\/wp-json\/wp\/v2\/pages\/7857"}],"collection":[{"href":"https:\/\/blog.verde.ag\/pt\/wp-json\/wp\/v2\/pages"}],"about":[{"href":"https:\/\/blog.verde.ag\/pt\/wp-json\/wp\/v2\/types\/page"}],"author":[{"embeddable":true,"href":"https:\/\/blog.verde.ag\/pt\/wp-json\/wp\/v2\/users\/7"}],"replies":[{"embeddable":true,"href":"https:\/\/blog.verde.ag\/pt\/wp-json\/wp\/v2\/comments?post=7857"}],"version-history":[{"count":0,"href":"https:\/\/blog.verde.ag\/pt\/wp-json\/wp\/v2\/pages\/7857\/revisions"}],"wp:attachment":[{"href":"https:\/\/blog.verde.ag\/pt\/wp-json\/wp\/v2\/media?parent=7857"}],"curies":[{"name":"wp","href":"https:\/\/api.w.org\/{rel}","templated":true}]}}