{"id":10677,"date":"2023-01-23T11:17:22","date_gmt":"2023-01-23T14:17:22","guid":{"rendered":"https:\/\/blog.verde.ag\/pt\/?page_id=10677"},"modified":"2023-11-21T11:55:13","modified_gmt":"2023-11-21T14:55:13","slug":"e-book-manejo-do-fosforo-na-agricultura","status":"publish","type":"page","link":"https:\/\/blog.verde.ag\/pt\/e-book-manejo-do-fosforo-na-agricultura\/","title":{"rendered":"E-book &#8211; Manejo do f\u00f3sforo na agricultura"},"content":{"rendered":"<link href=\"\nhttps:\/\/cdn.jsdelivr.net\/npm\/sweetalert2@11.7.27\/dist\/sweetalert2.min.css\n\" rel=\"stylesheet\">\n<p><script src=\"\nhttps:\/\/cdn.jsdelivr.net\/npm\/sweetalert2@11.7.27\/dist\/sweetalert2.all.min.js\n\"><\/script><\/p>\n<style>\n\t\t<!-------------Style Code------------->\n\t\t*{ margin:0; padding: 0; box-sizing: border-box;}\n\t\t.form-box{ width: 100%; border-radius: 5px; background:#f2f2f2; margin: 40px auto; max-width:500px; }\n\t\t.form-box-title{ padding: 20px; border-bottom: #C3C3C3 1px solid; }\n\t\t.form-box-title h3{ margin: 0 0 13px 0; font:600 17px 'Montserrat', sans-serif; color: #495757;}\n\t\t.form-box-title p{ margin: 0; padding: 0; font:400 12px 'Roboto', sans-serif; color: #495757; }\n\t\t.form-box-content{ padding: 20px; }\n\t\t.form-box-content input[type=\"text\"], input[type=\"email\"], input[type=\"number\"]{ background: #ffffff; border:#D8D8D8 1px solid; font:400 14px 'Roboto', sans-serif; color: #495757; width: 100%; padding: 10px; outline: none; resize: none;}\n\t\t.form-box-content select{ background: #ffffff; border:#D8D8D8 1px solid; font:400 14px 'Roboto', sans-serif; color: #495757; width: 100%; padding: 10px; outline: none; resize: none;}\n\t\t.form-row{ width: 100%; margin: 0 0 15px 0; }\n\t\t.form-box-content input::-webkit-outer-spin-button,\n\t\t.form-box-content input::-webkit-inner-spin-button {-webkit-appearance: none; margin: 0;}\n\t\t.form-box-content input[type=number] { -moz-appearance: textfield;}\n\t\t.form-row.two-n{ display: block; float:left; width:100%;}\n\t\t.form-row.two-n div{ display: block; float:left; width: 48%;}\n\t\t.form-row.two-n div:nth-child(2){float:right;}\n\t\t.form-row.check{ display: flex; justify-content: space-between; align-items: flex-start;}\n\t\t.form-row.check label{ margin-left: 12px; font:700 12px 'Roboto', sans-serif; color: #495757;}\n\t\t.form-row.check label span{ color: #39A48B; }\n\t\t.form-box-content input[type=submit]{ width: 100%; background-color: #39A48B; font-size: 20px; line-height: 24px; font-weight:bold; border-radius: 10px; color: #ffffff; text-transform: uppercase; border:none; outline: none; cursor: pointer;  padding:10px; }\n\t\t.form-box-content input[type=submit]:hover{ background: #495757;}\n\t\t.form-box-content input[type=button]:hover{ background: #49575;}\n\t\t.form-box-content input[type=button]{ width: 100%; background-color: #39A48B; font-size: 20px; line-height: 24px; font-weight:bold; border-radius: 10px; color: #ffffff; text-transform: uppercase; border:none; outline: none; cursor: pointer;  padding:10px; }\n\t\t@media(max-width:1023px){\n\t\t\t.header-part .container-wrap{flex-direction: column;}\n\t\t\t.logo-part{max-width: 100%; margin-right: 0; }\n\t\t\t.form-part{ max-width: 100%; }\n                        .poster{margin-left: 20%;}\n\t\t}\n\t\t@media(max-width:665px){.poster{margin-left: 5%;}<\/p>\n<p>                }\n\t\t@media(min-width:1024px){\n                        .poster{margin-left: 20%; margin-top: 10%}\n                               .entry-content {display: flex;flex-direction: row;align-items: flex-start;gap: 2%;}\n\t\t}<\/p>\n<\/style>\n<style type='text\/css'>\n        .embeddedServiceSidebar{font-family: system-ui,-apple-system,BlinkMacSystemFont,Segoe UI,Roboto,Oxygen-Sans,Ubuntu,Cantarell,Helvetica Neue,Arial,sans-serif!important;}\n        .embeddedServiceHelpButton .helpButton .uiButton {background: #39a48b;font-family: system-ui,-apple-system,BlinkMacSystemFont,Segoe UI,Roboto,Oxygen-Sans,Ubuntu,Cantarell,Helvetica Neue,Arial,sans-serif!important;font-size:14px;bottom:0;border-radius: 0.375rem 0.375rem 0 0;}\n        .embeddedServiceHelpButton .helpButton .uiButton:focus {\n            outline: 1px solid #39a48b;\n        }\n        .embeddedServiceHelpButton .uiButton .helpButtonLabel .message{background-color:transparent;border: none;color: #fff;padding: 0;margin: 0;text-overflow: unset;}\n        h2[embeddedService-chatHeader_chatHeader]{\n            text-align: center;padding:0;color:#fff;\n        }\n    .embeddedServiceSidebar button.sidebarHeader  {background: #39a48b;border:none;}\n    .embeddedServiceSidebar button.sidebarHeader:hover,.embeddedServiceSidebar button.sidebarHeader:focus {background: #39a48b;border:none;text-decoration:none}\n    .embeddedServiceSidebar button.sidebarHeader .message{background-color:transparent;border:none;color:#fff}\n        .sidebarHeader button{    height: 20px;min-height: 20px;width: 20px;min-width: 20px;cursor: pointer;    position: relative;}\n        .sidebarHeader button + button{margin-left:5px;}\n        .sidebarHeader button:hover:before{top:0;left:0;width:100%;height:100%;}\n    embeddedservice-chat-header[embeddedservice-chatheader_chatheader-host] {background-color: rgb(0, 82, 144);}\n<\/style>\n<div class=\"entry-content body-color clearfix link-color-wrap\" style=\"\">\n<div>\n<div class=\"poster\" style=\"\"><p><img class=\"alignnone wp-image-13759 size-full\" src=\"https:\/\/blog.verde.ag\/pt\/wp-content\/uploads\/2023\/05\/02.jpg\" alt=\"-\" width=\"400\" height=\"300\" title=\"\"><\/p><\/div>\n<p>Quais os fatores que afetam a disponibilidade de f\u00f3sforo no solo? E como realizar o manejo correto? Este e-book vai te ajudar a entender alguns dos desafios da aduba\u00e7\u00e3o, os fatores que afetam a disponibilidade de f\u00f3sforo no solo, o papel dos microrganismos no ciclo desse nutriente e como otimizar o manejo de f\u00f3sforo na sua lavoura.<\/p>\n<\/div>\n<p><!--------------------------------------------Can't touch in code down------------------------------------------------><\/p>\n<form action=\"https:\/\/webto.salesforce.com\/servlet\/servlet.WebToLead?encoding=UTF-8\" method=\"POST\">\n<div class=\"hidden-class\" style=\"display: none;\"><input name=\"oid\" type=\"hidden\" value=\"00D1U000000zz6x\" \/><br \/>\n<!-- Dynamic redirection url (@Sunit)--><br \/>\n<input id=\"retURL\" name=\"retURL\" type=\"hidden\" value=\"https:\/\/blog.verde.ag\/pt\/e-book-download-02\/\" \/><\/div>\n<p><!-- End of Dynamic redirection url (@Sunit)--><\/p>\n<div class=\"form-box\">\n<div class=\"form-box-title\">\n<h3>Baixe agora mesmo o nosso e-book de forma 100% gratuita<\/h3>\n<p>Preencha o formul\u00e1rio para ter acesso ao e-book<\/p>\n<\/div>\n<div class=\"form-box-content\">\n<div class=\"form-row two-n\">\n<div><input id=\"first_name\" maxlength=\"40\" name=\"first_name\" required=\"true\" size=\"20\" type=\"text\" placeholder=\"Primeiro Nome\" \/><\/div>\n<div><input id=\"last_name\" maxlength=\"80\" name=\"last_name\" required=\"true\" size=\"20\" type=\"text\" placeholder=\"Sobrenome\" \/><\/div>\n<\/div>\n<p> <!-- Tipo option start--><\/p>\n<div class=\"form-row\">\n                        <select id=\"Tipo__c\" title=\"Tipo\" name=\"Tipo__c\" required=\"true\"><option value=\"\" disabled=\"\" selected=\"\" hidden=\"\">Qual seu perfil profissional?<\/option><option value=\"Cliente\">Produtor rural<\/option><option value=\"Consultor\">Consultor<\/option><option value=\"Canal de distribui\u00e7\u00e3o\">Canal de distribui\u00e7\u00e3o<\/option><option value=\"Representante\">Representante<\/option><option value=\"Estudantes\">Estudante<\/option><option value=\"Misturadora\">Misturadora<\/option><option value=\"Organomineral\">Organomineral<\/option><option value=\"Prestador de Servi\u00e7os\">Prestador de Servi\u00e7os<\/option><option value=\"Transportadora\">Transportadora<\/option><\/select>\n                    <\/div>\n<p>                    <!--Tipo option end--><\/p>\n<div class=\"form-row\"><input id=\"company\" maxlength=\"40\" name=\"company\" required=\"true\" size=\"20\" type=\"text\" placeholder=\"Nome da Fazenda ou Empresa\" \/><\/div>\n<div class=\"form-row\"><select id=\"00N1U00000T513U\" title=\"Cultura\" name=\"00N1U00000T513U\" required=\"true\" onchange=\"myFunction()\"><option><strong>Qual a principal cultura que voc\u00ea produz?<\/strong><\/option><option value=\"Abacate\">Abacate<\/option><option value=\"Abacaxi\">Abacaxi<\/option>&gt;<option value=\"Ab\u00f3bora\">Ab\u00f3bora<\/option><option value=\"Algod\u00e3o\">Algod\u00e3o<\/option><option value=\"Alho\">Alho<\/option><option value=\"Amendoim\">Amendoim<\/option><option value=\"Arroz\">Arroz<\/option><option value=\"Aveia\">Aveia<\/option><option value=\"Azev\u00e9m\">Azev\u00e9m<\/option><option value=\"Banana\">Banana<\/option><option value=\"Batata\">Batata<\/option><option value=\"Blueberry\">Blueberry<\/option><option value=\"Braqui\u00e1ria\">Braqui\u00e1ria<\/option><option value=\"Cacau\">Cacau<\/option><option value=\"Caf\u00e9\">Caf\u00e9<\/option><option value=\"Caf\u00e9 Especial\">Caf\u00e9 Especial<\/option><option value=\"Cana-de-A\u00e7\u00facar\">Cana-de-A\u00e7\u00facar<\/option><option value=\"Cebola\">Cebola<\/option><option value=\"Cenoura\">Cenoura<\/option><option value=\"Citrus\">Citrus<\/option><option value=\"Cranberry\">Cranberry<\/option><option value=\"Erva-mate\">Erva-mate<\/option><option value=\"Eucalipto\">Eucalipto<\/option><option value=\"Feij\u00e3o\">Feij\u00e3o<\/option><option value=\"Feno\">Feno<\/option><option value=\"Figo\">Figo<\/option><option value=\"Fruticultura\">Fruticultura<\/option><option value=\"Girassol\">Girassol<\/option><option value=\"Goiaba\">Goiaba<\/option><option value=\"Grama\">Grama<\/option><option value=\"HF\">HF<\/option><option value=\"Hortali\u00e7as\">Hortali\u00e7as<\/option><option value=\"Laranja\">Laranja<\/option><option value=\"Lichia\">Lichia<\/option><option value=\"Lim\u00e3o\">Lim\u00e3o<\/option><option value=\"Maconha\">Maconha<\/option><option value=\"Madeira\">Madeira<\/option><option value=\"Mam\u00e3o\">Mam\u00e3o<\/option><option value=\"Mamona\">Mamona<\/option><option value=\"Mandioca\">Mandioca<\/option><option value=\"Manga\">Manga<\/option><option value=\"Melancia\">Melancia<\/option><option value=\"Milhete\">Milhete<\/option><option value=\"Milho\">Milho<\/option><option value=\"Mogno\">Mogno<\/option><option value=\"Morango\">Morango<\/option><option value=\"Noz Pecan\">Noz Pecan<\/option><option value=\"Oliveiras\">Oliveiras<\/option><option value=\"Pastagem\">Pastagem<\/option><option value=\"Raspberry\">Raspberry<\/option><option value=\"Seringueira\">Seringueira<\/option><option value=\"Soja\">Soja<\/option><option value=\"Sorgo\">Sorgo<\/option><option value=\"Tangerina\">Tangerina<\/option><option value=\"Tomate\">Tomate<\/option><option value=\"Trigo\">Trigo<\/option><option value=\"Uva\">Uva<\/option><\/select><\/div>\n<div class=\"form-row\"><input id=\"00N1U00000VK1Jw\" name=\"00N1U00000VK1Jw\" required=\"true\" type=\"text\" placeholder=\"\u00c1rea Cultivada (hectares)\" \/><\/div>\n<div class=\"form-row\"><input id=\"email\" maxlength=\"80\" name=\"email\" required=\"true\" type=\"email\" placeholder=\"E-mail\" \/><\/div>\n<div class=\"form-row\"><input id=\"phone\" maxlength=\"17\" name=\"phone\" pattern=\".{16,17}\" required=\"true\" type=\"text\" placeholder=\"Telefone com DDD (apenas d\u00edgitos)\" \/><\/div>\n<div class=\"form-row\"><input id=\"cep\" maxlength=\"9\" pattern=\".{9}\" placeholder=\"Cep\" name=\"cep\" type=\"text\" required\/><\/div>\n<p><input type=hidden name=\"00N4w00000HiyFC\" id = '00N4w00000HiyFC' value=\"\"> <!-- Cep excluding hyphen--><\/p>\n<div class=\"hidden-class\" style=\"display: none;\">\n                        <!--<input id=\"Tipo__c\" name=\"Tipo__c\" type=\"hidden\" value=\"Cliente\" \/>--><br \/>\n<input id=\"Cultura_Principal__c\" name=\"Cultura_Principal__c\" type=\"hidden\" value=\"\" \/><br \/>\n<input name=\"principal\" type=\"hidden\" value=\"true\" \/><br \/>\n<input id=\"Lead_Created_From__c\" name=\"Lead_Created_From__c\" type=\"hidden\" value=\"LandingPage\" \/><br \/>\n<!-- Analytics Tracking Code (@Sunit)--><br \/>\n<input id=\"Analytics_Data__c\" name=\"Analytics_Data__c\" type=\"hidden\" value=\"\" \/><br \/>\n<input id=\"lead_source\" name=\"lead_source\" type=\"hidden\" value=\"\" \/><br \/>\n<input id=\"Anuncio_Criativo__c\" name=\"Anuncio_Criativo__c\" type=\"hidden\" value=\"\" \/><br \/>\n<input id=\"Anuncio_Conjunto__c\" name=\"Anuncio_Conjunto__c\" type=\"hidden\" value=\"\" \/><br \/>\n<input id=\"Anuncio_Campanha__c\" name=\"Anuncio_Campanha__c\" type=\"hidden\" value=\"\" \/><br \/>\n<input id=\"Campaign_Url__c\" name=\"Campaign_Url__c\" type=\"hidden\" value=\"\" \/><br \/>\n<input id=\"GA_Max_Scroll_Depth__c\" name=\"GA_Max_Scroll_Depth__c\" type=\"hidden\" value=\"\" \/><br \/>\n<input id=\"GA_Video_Played__c\" name=\"GA_Video_Played__c\" type=\"hidden\" value=\"\" \/><br \/>\n<input id=\"GA_Video_Links__c\" name=\"GA_Video_Links__c\" type=\"hidden\" value=\"\" \/><br \/>\n<input id=\"GA_Video_Time_Elapsed__c\" name=\"GA_Video_Time_Elapsed__c\" type=\"hidden\" value=\"\" \/><br \/>\n<input id=\"GA_User_Device__c\" name=\"GA_User_Device__c\" type=\"hidden\" value=\"\" \/><br \/>\n<input id=\"GA_Chatbot_Used__c\" name=\"GA_Chatbot_Used__c\" type=\"hidden\" value=\"\" \/><br \/>\n<input id=\"GA_Time_On_Landing_Page__c\" name=\"GA_Time_On_Landing_Page__c\" type=\"hidden\" value=\"\" \/><br \/>\n<!-- End Of Analytics Tracking Code (@Sunit)--><input id=\"00N1U00000Vibnr\" maxlength=\"100\" name=\"00N1U00000Vibnr\" size=\"20\" type=\"hidden\" value=\"Abacate\" \/><\/div>\n<div class=\"form-row check\"><input id=\"00N1U00000VWewP\" name=\"00N1U00000VWewP\" type=\"checkbox\" value=\"0\" \/><br \/>\n<label>Eu aceito receber comunica\u00e7\u00f5es da Verde Agritech. A Verde Agritech utiliza dados fornecidos nesse formul\u00e1rio para comunica\u00e7\u00f5es via e-mail, telefone ou whatsapp. Voc\u00ea pode alterar suas prefer\u00eancias a qualquer momento. Para obter mais informa\u00e7\u00f5es, confira nossa Pol\u00edtica de Privacidade<\/label><\/div>\n<div class=\"form-row blank\">\n<input style=\"display:none;\" type=\"submit\" id=\"register-button\" value=\"submit\"><br \/>\n<input style=\"background-color: #39A48B;\" type=\"button\" onclick=\"updateDatalayerAndRegister(true)\" value=\"BAIXAR E-BOOK GRATUITO\"><\/div>\n<\/div>\n<\/div>\n<\/form>\n","protected":false},"excerpt":{"rendered":"<p>Quais os fatores que afetam a disponibilidade de f\u00f3sforo no solo? E como realizar o manejo correto? Este e-book vai te ajudar a entender alguns dos desafios da aduba\u00e7\u00e3o, os fatores que afetam a disponibilidade de f\u00f3sforo no solo, o papel dos microrganismos no ciclo desse nutriente e como otimizar o manejo de f\u00f3sforo na sua lavoura. Baixe agora mesmo o nosso e-book de forma 100% gratuita Preencha o formul\u00e1rio para ter acesso ao e-book Qual seu perfil profissional?Produtor ruralConsultorCanal [&hellip;]<\/p>\n","protected":false},"author":5,"featured_media":0,"parent":0,"menu_order":0,"comment_status":"closed","ping_status":"closed","template":"","meta":[],"_links":{"self":[{"href":"https:\/\/blog.verde.ag\/pt\/wp-json\/wp\/v2\/pages\/10677"}],"collection":[{"href":"https:\/\/blog.verde.ag\/pt\/wp-json\/wp\/v2\/pages"}],"about":[{"href":"https:\/\/blog.verde.ag\/pt\/wp-json\/wp\/v2\/types\/page"}],"author":[{"embeddable":true,"href":"https:\/\/blog.verde.ag\/pt\/wp-json\/wp\/v2\/users\/5"}],"replies":[{"embeddable":true,"href":"https:\/\/blog.verde.ag\/pt\/wp-json\/wp\/v2\/comments?post=10677"}],"version-history":[{"count":0,"href":"https:\/\/blog.verde.ag\/pt\/wp-json\/wp\/v2\/pages\/10677\/revisions"}],"wp:attachment":[{"href":"https:\/\/blog.verde.ag\/pt\/wp-json\/wp\/v2\/media?parent=10677"}],"curies":[{"name":"wp","href":"https:\/\/api.w.org\/{rel}","templated":true}]}}